{"id":1588,"date":"2023-12-20T10:05:02","date_gmt":"2023-12-20T10:05:02","guid":{"rendered":"https:\/\/therapos.de\/?page_id=1588"},"modified":"2024-05-02T14:13:12","modified_gmt":"2024-05-02T12:13:12","slug":"faq","status":"publish","type":"page","link":"https:\/\/therapos.de\/en\/faq\/","title":{"rendered":"FAQ"},"content":{"rendered":"<div data-elementor-type=\"wp-page\" data-elementor-id=\"1588\" class=\"elementor elementor-1588\" data-elementor-post-type=\"page\">\n\t\t\t\t<div class=\"elementor-element elementor-element-6c66768 e-flex e-con-boxed e-con e-parent\" data-id=\"6c66768\" data-element_type=\"container\" data-settings=\"{&quot;background_background&quot;:&quot;classic&quot;}\">\n\t\t\t\t\t<div class=\"e-con-inner\">\n\t\t<div class=\"elementor-element elementor-element-d047451 e-flex e-con-boxed e-con e-child\" data-id=\"d047451\" data-element_type=\"container\">\n\t\t\t\t\t<div class=\"e-con-inner\">\n\t\t\t\t<div class=\"elementor-element elementor-element-d18db9c elementor-widget elementor-widget-heading\" data-id=\"d18db9c\" data-element_type=\"widget\" data-widget_type=\"heading.default\">\n\t\t\t\t\t<h1 class=\"elementor-heading-title elementor-size-default\">Frequently asked questions<\/h1>\t\t\t\t<\/div>\n\t\t\t\t<div class=\"elementor-element elementor-element-16de9cb elementor-widget elementor-widget-text-editor\" data-id=\"16de9cb\" data-element_type=\"widget\" data-widget_type=\"text-editor.default\">\n\t\t\t\t\t\t\t\t\t<p>Therapos - the professional congress with trade exhibition, lecture programme and professional forum for alternative practitioners, doctors and therapists <br \/>The Therapos events focus on collegial, interdisciplinary exchange and networking between the various specialisms of naturopathy and complementary medicine.<\/p>\t\t\t\t\t\t\t\t<\/div>\n\t\t\t\t\t<\/div>\n\t\t\t\t<\/div>\n\t\t\t\t\t<\/div>\n\t\t\t\t<\/div>\n\t\t<div class=\"elementor-element elementor-element-5bef581 e-con-full e-flex e-con e-parent\" data-id=\"5bef581\" data-element_type=\"container\">\n\t\t\t\t<div class=\"elementor-element elementor-element-f5cc364 elementor-widget elementor-widget-template\" data-id=\"f5cc364\" data-element_type=\"widget\" data-widget_type=\"template.default\">\n\t\t\t\t<div class=\"elementor-widget-container\">\n\t\t\t\t\t\t\t<div class=\"elementor-template\">\n\t\t\t\t\t<div data-elementor-type=\"container\" data-elementor-id=\"691\" class=\"elementor elementor-691\" data-elementor-post-type=\"elementor_library\">\n\t\t\t\t<div class=\"elementor-element elementor-element-27692e35 e-flex e-con-boxed e-con e-parent\" data-id=\"27692e35\" data-element_type=\"container\" data-settings=\"{&quot;background_background&quot;:&quot;classic&quot;}\">\n\t\t\t\t\t<div class=\"e-con-inner\">\n\t\t\t\t<div class=\"elementor-element elementor-element-5dfe7494 elementor-nav-menu__align-center elementor-nav-menu--dropdown-mobile elementor-nav-menu--stretch elementor-nav-menu__text-align-center elementor-nav-menu--toggle elementor-nav-menu--burger elementor-widget elementor-widget-nav-menu\" data-id=\"5dfe7494\" data-element_type=\"widget\" data-settings=\"{&quot;full_width&quot;:&quot;stretch&quot;,&quot;layout&quot;:&quot;horizontal&quot;,&quot;submenu_icon&quot;:{&quot;value&quot;:&quot;&lt;svg class=\\&quot;e-font-icon-svg e-fas-caret-down\\&quot; viewBox=\\&quot;0 0 320 512\\&quot; xmlns=\\&quot;http:\\\/\\\/www.w3.org\\\/2000\\\/svg\\&quot;&gt;&lt;path d=\\&quot;M31.3 192h257.3c17.8 0 26.7 21.5 14.1 34.1L174.1 354.8c-7.8 7.8-20.5 7.8-28.3 0L17.2 226.1C4.6 213.5 13.5 192 31.3 192z\\&quot;&gt;&lt;\\\/path&gt;&lt;\\\/svg&gt;&quot;,&quot;library&quot;:&quot;fa-solid&quot;},&quot;toggle&quot;:&quot;burger&quot;}\" data-widget_type=\"nav-menu.default\">\n\t\t\t\t\t\t\t\t<nav aria-label=\"Menu\" class=\"elementor-nav-menu--main elementor-nav-menu__container elementor-nav-menu--layout-horizontal e--pointer-underline e--animation-fade\">\n\t\t\t\t<ul id=\"menu-1-5dfe7494\" class=\"elementor-nav-menu\"><li class=\"menu-item menu-item-type-post_type menu-item-object-page menu-item-home menu-item-578\"><a href=\"https:\/\/therapos.de\/en\/\" class=\"elementor-item\">Home page<\/a><\/li>\n<li class=\"menu-item menu-item-type-post_type menu-item-object-page menu-item-7636\"><a href=\"https:\/\/therapos.de\/en\/kongress-hannover\/\" class=\"elementor-item\">Therapos Hanover<\/a><\/li>\n<li class=\"menu-item menu-item-type-post_type menu-item-object-page menu-item-7600\"><a href=\"https:\/\/therapos.de\/en\/kongress-koeln\/\" class=\"elementor-item\">Therapos COLOGNE<\/a><\/li>\n<li class=\"menu-item menu-item-type-post_type menu-item-object-page menu-item-7635\"><a href=\"https:\/\/therapos.de\/en\/therapos-fachkongress-fuer-naturheilkunde-chemnitz\/\" class=\"elementor-item\">Therapos Chemnitz<\/a><\/li>\n<li class=\"menu-item menu-item-type-post_type menu-item-object-page menu-item-525\"><a href=\"https:\/\/therapos.de\/en\/aussteller\/\" class=\"elementor-item\">Exhibitor 2025\/2026<\/a><\/li>\n<li class=\"menu-item menu-item-type-post_type menu-item-object-page menu-item-849\"><a href=\"https:\/\/therapos.de\/en\/anmeldung-aussteller-2\/\" class=\"elementor-item\">Exhibitor registration<\/a><\/li>\n<li class=\"menu-item menu-item-type-custom menu-item-object-custom menu-item-3304\"><a href=\"https:\/\/therapos.de\/wp-content\/uploads\/2024\/05\/wir.pdf\" class=\"elementor-item\">we<\/a><\/li>\n<li class=\"menu-item menu-item-type-post_type menu-item-object-page menu-item-1609\"><a href=\"https:\/\/therapos.de\/en\/faq\/\" class=\"elementor-item\">FAQ<\/a><\/li>\n<li class=\"menu-item menu-item-type-post_type menu-item-object-page menu-item-5765\"><a href=\"https:\/\/therapos.de\/en\/terminplaner-therapos\/\" class=\"elementor-item\">Schedule planner<\/a><\/li>\n<\/ul>\t\t\t<\/nav>\n\t\t\t\t\t<div class=\"elementor-menu-toggle\" role=\"button\" tabindex=\"0\" aria-label=\"Menu Toggle\" aria-expanded=\"false\">\n\t\t\t<svg aria-hidden=\"true\" role=\"presentation\" class=\"elementor-menu-toggle__icon--open e-font-icon-svg e-eicon-menu-bar\" viewbox=\"0 0 1000 1000\" xmlns=\"http:\/\/www.w3.org\/2000\/svg\"><path d=\"M104 333H896C929 333 958 304 958 271S929 208 896 208H104C71 208 42 237 42 271S71 333 104 333ZM104 583H896C929 583 958 554 958 521S929 458 896 458H104C71 458 42 487 42 521S71 583 104 583ZM104 833H896C929 833 958 804 958 771S929 708 896 708H104C71 708 42 737 42 771S71 833 104 833Z\"><\/path><\/svg><svg aria-hidden=\"true\" role=\"presentation\" class=\"elementor-menu-toggle__icon--close e-font-icon-svg e-eicon-close\" viewbox=\"0 0 1000 1000\" xmlns=\"http:\/\/www.w3.org\/2000\/svg\"><path d=\"M742 167L500 408 258 167C246 154 233 150 217 150 196 150 179 158 167 167 154 179 150 196 150 212 150 229 154 242 171 254L408 500 167 742C138 771 138 800 167 829 196 858 225 858 254 829L496 587 738 829C750 842 767 846 783 846 800 846 817 842 829 829 842 817 846 804 846 783 846 767 842 750 829 737L588 500 833 258C863 229 863 200 833 171 804 137 775 137 742 167Z\"><\/path><\/svg>\t\t<\/div>\n\t\t\t\t\t<nav class=\"elementor-nav-menu--dropdown elementor-nav-menu__container\" aria-hidden=\"true\">\n\t\t\t\t<ul id=\"menu-2-5dfe7494\" class=\"elementor-nav-menu\"><li class=\"menu-item menu-item-type-post_type menu-item-object-page menu-item-home menu-item-578\"><a href=\"https:\/\/therapos.de\/en\/\" class=\"elementor-item\" tabindex=\"-1\">Home page<\/a><\/li>\n<li class=\"menu-item menu-item-type-post_type menu-item-object-page menu-item-7636\"><a href=\"https:\/\/therapos.de\/en\/kongress-hannover\/\" class=\"elementor-item\" tabindex=\"-1\">Therapos Hanover<\/a><\/li>\n<li class=\"menu-item menu-item-type-post_type menu-item-object-page menu-item-7600\"><a href=\"https:\/\/therapos.de\/en\/kongress-koeln\/\" class=\"elementor-item\" tabindex=\"-1\">Therapos COLOGNE<\/a><\/li>\n<li class=\"menu-item menu-item-type-post_type menu-item-object-page menu-item-7635\"><a href=\"https:\/\/therapos.de\/en\/therapos-fachkongress-fuer-naturheilkunde-chemnitz\/\" class=\"elementor-item\" tabindex=\"-1\">Therapos Chemnitz<\/a><\/li>\n<li class=\"menu-item menu-item-type-post_type menu-item-object-page menu-item-525\"><a href=\"https:\/\/therapos.de\/en\/aussteller\/\" class=\"elementor-item\" tabindex=\"-1\">Exhibitor 2025\/2026<\/a><\/li>\n<li class=\"menu-item menu-item-type-post_type menu-item-object-page menu-item-849\"><a href=\"https:\/\/therapos.de\/en\/anmeldung-aussteller-2\/\" class=\"elementor-item\" tabindex=\"-1\">Exhibitor registration<\/a><\/li>\n<li class=\"menu-item menu-item-type-custom menu-item-object-custom menu-item-3304\"><a href=\"https:\/\/therapos.de\/wp-content\/uploads\/2024\/05\/wir.pdf\" class=\"elementor-item\" tabindex=\"-1\">we<\/a><\/li>\n<li class=\"menu-item menu-item-type-post_type menu-item-object-page menu-item-1609\"><a href=\"https:\/\/therapos.de\/en\/faq\/\" class=\"elementor-item\" tabindex=\"-1\">FAQ<\/a><\/li>\n<li class=\"menu-item menu-item-type-post_type menu-item-object-page menu-item-5765\"><a href=\"https:\/\/therapos.de\/en\/terminplaner-therapos\/\" class=\"elementor-item\" tabindex=\"-1\">Schedule planner<\/a><\/li>\n<\/ul>\t\t\t<\/nav>\n\t\t\t\t\t\t<\/div>\n\t\t\t\t\t<\/div>\n\t\t\t\t<\/div>\n\t\t\t\t<\/div>\n\t\t\t\t<\/div>\n\t\t\t\t\t\t<\/div>\n\t\t\t\t<\/div>\n\t\t\t\t<\/div>\n\t\t<div class=\"elementor-element elementor-element-fc1ebc3 e-flex e-con-boxed e-con e-parent\" data-id=\"fc1ebc3\" data-element_type=\"container\">\n\t\t\t\t\t<div class=\"e-con-inner\">\n\t\t\t\t<div class=\"elementor-element elementor-element-c0f24d2 elementor-widget elementor-widget-heading\" data-id=\"c0f24d2\" data-element_type=\"widget\" data-widget_type=\"heading.default\">\n\t\t\t\t\t<h1 class=\"elementor-heading-title elementor-size-default\">Heilpraktiker Congress Therapos\n<\/h1>\t\t\t\t<\/div>\n\t\t\t\t\t<\/div>\n\t\t\t\t<\/div>\n\t\t<div class=\"elementor-element elementor-element-8204561 e-flex e-con-boxed e-con e-parent\" data-id=\"8204561\" data-element_type=\"container\">\n\t\t\t\t\t<div class=\"e-con-inner\">\n\t\t\t\t<div class=\"elementor-element elementor-element-34ae173 elementor-widget elementor-widget-heading\" data-id=\"34ae173\" data-element_type=\"widget\" data-widget_type=\"heading.default\">\n\t\t\t\t\t<h1 class=\"elementor-heading-title elementor-size-default\">What is Therapos for the participating exhibitors, visitors and professionals?<\/h1>\t\t\t\t<\/div>\n\t\t\t\t<div class=\"elementor-element elementor-element-03509b6 elementor-widget elementor-widget-text-editor\" data-id=\"03509b6\" data-element_type=\"widget\" data-widget_type=\"text-editor.default\">\n\t\t\t\t\t\t\t\t\t<p>Therapos is a congress format for holistic medicine and complementary healing methods focussing on the interdisciplinary<br \/>Exchange between therapists, professional and specialist representatives, organisations, bloggers and initiators. <br \/>We offer networking for pharmaceutical manufacturers and medical device manufacturers with the healing and therapy professions. The term Therapos is internationally synonymous and in a figurative sense for all therapists in the medical professions of various disciplines.<br \/>specialisation. Our events are aimed at all naturopaths and therapists in the field of naturopathy.<\/p><p>Therapos is an exhibition of companies for medicinal products, health preparations and therapeutic-diagnostic medical devices in naturopathy and complementary medicine.<br \/>Therapos supports the profiles and product ranges of companies in all their diversity with sustainable advertising measures ranging from listings to promotional videos. The exhibitors present themselves with advertising entries, links and, depending on the product range, with further advertising measures.<br \/>With its event management, Therapos stands for 35 years of experience in naturopathy and alternative medicine.<\/p><p><span style=\"color: var( --e-global-color-text ); font-family: var( --e-global-typography-text-font-family ), Sans-serif; font-weight: var( --e-global-typography-text-font-weight ); text-align: var(--text-align); font-size: 1rem;\">The Therapos Congress for Holistic Medicine in Cologne, Hanover and Chemnitz is a specialist conference for naturopaths and complementary healing methods.<\/span><\/p><p>\u00a0<\/p>\t\t\t\t\t\t\t\t<\/div>\n\t\t\t\t\t<\/div>\n\t\t\t\t<\/div>\n\t\t<div class=\"elementor-element elementor-element-8af2fc7 e-flex e-con-boxed e-con e-parent\" data-id=\"8af2fc7\" data-element_type=\"container\">\n\t\t\t\t\t<div class=\"e-con-inner\">\n\t\t\t\t<div class=\"elementor-element elementor-element-1bba406 elementor-widget elementor-widget-heading\" data-id=\"1bba406\" data-element_type=\"widget\" data-widget_type=\"heading.default\">\n\t\t\t\t\t<h1 class=\"elementor-heading-title elementor-size-default\">What does Therapos stand for?\n\n\n<\/h1>\t\t\t\t<\/div>\n\t\t\t\t<div class=\"elementor-element elementor-element-3c6fcf5 elementor-widget elementor-widget-text-editor\" data-id=\"3c6fcf5\" data-element_type=\"widget\" data-widget_type=\"text-editor.default\">\n\t\t\t\t\t\t\t\t\t<p><span style=\"color: var( --e-global-color-text ); font-family: var( --e-global-typography-text-font-family ), Sans-serif; font-weight: var( --e-global-typography-text-font-weight ); text-align: var(--text-align); font-size: 1rem;\">With its networking, Therapos stands for the preservation and strengthening of holistic medicine with its many facets, with its pharmaceutical producers, medical device manufacturers and its healing and therapy professions.\u00a0<\/span><span style=\"color: var( --e-global-color-text ); font-family: var( --e-global-typography-text-font-family ), Sans-serif; font-weight: var( --e-global-typography-text-font-weight ); text-align: var(--text-align); font-size: 1rem;\">Therapos is the specialised event for professional exchange in naturopathy.<\/span><span style=\"background-color: transparent; color: var( --e-global-color-text ); font-family: var( --e-global-typography-text-font-family ), Sans-serif; font-weight: var( --e-global-typography-text-font-weight ); text-align: var(--text-align);\">\u00a0<\/span><\/p><ul><li><strong>Nomen Est Omen - Therapos<\/strong><\/li><li>The term Therapos comes from the Greek vocabulary and is internationally synonymous and figurative for <strong>all therapists<\/strong> of medical professions specialising in different fields.<\/li><li>The <strong>Therapos Congress <\/strong>and the<strong> Therapos symposium in Germany<\/strong> are aimed at all <strong>Alternative practitioners <\/strong>and<strong> Therapists <\/strong>in the<strong> Naturopathy.<\/strong><\/li><li><strong>Therapos<\/strong> is <strong>Platform, professional forum, network, specialist congress, symposium <\/strong>and <strong>media event in one.<\/strong><\/li><li>Therapos informs with <strong>Contributions<\/strong>, <strong>Videos and blogs<\/strong> the <strong>Therapos congress events<\/strong> online throughout the year on current topics relating to the naturopathic profession and naturopathy.\u00a0<\/li><li>Therapos offers visitors <strong>Knowledge gain,<\/strong> <strong>Training opportunity<\/strong>, <strong>Interaction with experts<\/strong>, <strong>Networking<\/strong>, <strong>Product demonstration<\/strong> and <strong>interactive sustainability. <\/strong>The current main topics of the events are available online.<\/li><li>Therapos is <strong>Industry and product exhibition<\/strong>. The Therapos exhibition can be visited all year round at our events or online at therapos.de.<\/li><li>Therapos connects and creates exchange: our format <strong>HOTSPOTS <\/strong>in the<strong> Professional and specialist forum live and direct or digital and online<\/strong><\/li><li>The Therapos main topics are <strong>Current topics<\/strong> from the <strong>daily practice<\/strong>, <strong>Professional policy<\/strong> and international <strong>Empirical medicine<\/strong> (empirically proven medicine).<\/li><li>In the <strong>The focus of the Therapos specialist conferences is the interdisciplinary specialist and professional exchange between therapists, professional and specialist representatives, organisations, bloggers and initiators.<\/strong><\/li><li>Therapos is important for all those who want to stand up for the preservation of naturopathy nationally and internationally in all its diversity and strength of opinion.<\/li><\/ul>\t\t\t\t\t\t\t\t<\/div>\n\t\t\t\t\t<\/div>\n\t\t\t\t<\/div>\n\t\t<div class=\"elementor-element elementor-element-02cac0e e-grid e-con-boxed e-con e-parent\" data-id=\"02cac0e\" data-element_type=\"container\">\n\t\t\t\t\t<div class=\"e-con-inner\">\n\t\t\t\t<div class=\"elementor-element elementor-element-b26a993 elementor-widget elementor-widget-image\" data-id=\"b26a993\" data-element_type=\"widget\" data-widget_type=\"image.default\">\n\t\t\t\t\t\t\t\t\t\t\t\t\t\t\t<img fetchpriority=\"high\" decoding=\"async\" width=\"800\" height=\"599\" src=\"https:\/\/therapos.de\/wp-content\/uploads\/2023\/12\/u_erdmann-1024x767.png\" class=\"attachment-large size-large wp-image-1610\" alt=\"\" srcset=\"https:\/\/therapos.de\/wp-content\/uploads\/2023\/12\/u_erdmann-1024x767.png 1024w, https:\/\/therapos.de\/wp-content\/uploads\/2023\/12\/u_erdmann-300x225.png 300w, https:\/\/therapos.de\/wp-content\/uploads\/2023\/12\/u_erdmann-768x575.png 768w, https:\/\/therapos.de\/wp-content\/uploads\/2023\/12\/u_erdmann.png 1200w\" sizes=\"(max-width: 800px) 100vw, 800px\" \/>\t\t\t\t\t\t\t\t\t\t\t\t\t\t\t<\/div>\n\t\t\t\t<div class=\"elementor-element elementor-element-d89b2ea elementor-widget elementor-widget-text-editor\" data-id=\"d89b2ea\" data-element_type=\"widget\" data-widget_type=\"text-editor.default\">\n\t\t\t\t\t\t\t\t\t<p>\u00a0<\/p><p>\u00a0<\/p><p>\u00a0<\/p><p>\u00a0<\/p><p>\u00a0<\/p><p>\u00a0<\/p><p>\u00a0<\/p><p><strong>Ulrich Erdmann<\/strong><br \/>Head of Therapos Marketing<\/p><p>www.berufsverband-naturheilkunde.de<br \/>www.iqhp.de<br \/>www.heilpraktiker-in-deutschland.de<\/p>\t\t\t\t\t\t\t\t<\/div>\n\t\t\t\t\t<\/div>\n\t\t\t\t<\/div>\n\t\t\t\t<\/div>","protected":false},"excerpt":{"rendered":"<p>Frequently asked questions Therapos - the professional congress with trade exhibition, lecture programme and professional forum for naturopaths, doctors and therapists The focus of the Therapos events is on collegial, interdisciplinary exchange and networking between the diverse fields of naturopathy and complementary medicine. Heilpraktiker Kongress Therapos What is Therapos for the participating exhibitors, visitors and specialist groups? Therapos is a congress format [...]<\/p>","protected":false},"author":2,"featured_media":0,"parent":0,"menu_order":0,"comment_status":"closed","ping_status":"closed","template":"elementor_header_footer","meta":{"_acf_changed":false,"footnotes":""},"class_list":["post-1588","page","type-page","status-publish","hentry"],"acf":[],"yoast_head":"<!-- This site is optimized with the Yoast SEO plugin v24.8.1 - https:\/\/yoast.com\/wordpress\/plugins\/seo\/ -->\n<title>FAQ - Therapos<\/title>\n<meta name=\"robots\" content=\"index, follow, max-snippet:-1, max-image-preview:large, max-video-preview:-1\" \/>\n<link rel=\"canonical\" href=\"https:\/\/therapos.de\/en\/faq\/\" \/>\n<meta property=\"og:locale\" content=\"en_GB\" \/>\n<meta property=\"og:type\" content=\"article\" \/>\n<meta property=\"og:title\" content=\"FAQ - Therapos\" \/>\n<meta property=\"og:description\" content=\"H\u00e4ufig gestellte Fragen Therapos \u2013 der Berufskongress mit Fachausstellung, Vortragsprogramm und Berufsforum f\u00fcr Heilpraktiker, \u00c4rzte und Therapeuten Im Fokus der Therapos Veranstaltungen stehen der kollegiale, interdisziplin\u00e4re Austausch und die Vernetzung der vielf\u00e4ltigen Fachrichtungen der Naturheilkunde und komplement\u00e4ren Medizin. Heilpraktiker Kongress Therapos Was ist Therapos f\u00fcr die teilnehmenden Aussteller, Besucher und Fachkreise? Therapos ist ein Kongress-Format [&hellip;]\" \/>\n<meta property=\"og:url\" content=\"https:\/\/therapos.de\/en\/faq\/\" \/>\n<meta property=\"og:site_name\" content=\"Therapos\" \/>\n<meta property=\"article:modified_time\" content=\"2024-05-02T12:13:12+00:00\" \/>\n<meta property=\"og:image\" content=\"https:\/\/therapos.de\/wp-content\/uploads\/2023\/12\/u_erdmann-1024x767.png\" \/>\n<meta name=\"twitter:card\" content=\"summary_large_image\" \/>\n<meta name=\"twitter:label1\" content=\"Estimated reading time\" \/>\n\t<meta name=\"twitter:data1\" content=\"4 minutes\" \/>\n<script type=\"application\/ld+json\" class=\"yoast-schema-graph\">{\"@context\":\"https:\/\/schema.org\",\"@graph\":[{\"@type\":\"WebPage\",\"@id\":\"https:\/\/therapos.de\/faq\/\",\"url\":\"https:\/\/therapos.de\/faq\/\",\"name\":\"FAQ - Therapos\",\"isPartOf\":{\"@id\":\"https:\/\/therapos.de\/#website\"},\"primaryImageOfPage\":{\"@id\":\"https:\/\/therapos.de\/faq\/#primaryimage\"},\"image\":{\"@id\":\"https:\/\/therapos.de\/faq\/#primaryimage\"},\"thumbnailUrl\":\"https:\/\/therapos.de\/wp-content\/uploads\/2023\/12\/u_erdmann-1024x767.png\",\"datePublished\":\"2023-12-20T10:05:02+00:00\",\"dateModified\":\"2024-05-02T12:13:12+00:00\",\"breadcrumb\":{\"@id\":\"https:\/\/therapos.de\/faq\/#breadcrumb\"},\"inLanguage\":\"en-GB\",\"potentialAction\":[{\"@type\":\"ReadAction\",\"target\":[\"https:\/\/therapos.de\/faq\/\"]}]},{\"@type\":\"ImageObject\",\"inLanguage\":\"en-GB\",\"@id\":\"https:\/\/therapos.de\/faq\/#primaryimage\",\"url\":\"https:\/\/therapos.de\/wp-content\/uploads\/2023\/12\/u_erdmann-1024x767.png\",\"contentUrl\":\"https:\/\/therapos.de\/wp-content\/uploads\/2023\/12\/u_erdmann-1024x767.png\"},{\"@type\":\"BreadcrumbList\",\"@id\":\"https:\/\/therapos.de\/faq\/#breadcrumb\",\"itemListElement\":[{\"@type\":\"ListItem\",\"position\":1,\"name\":\"Startseite\",\"item\":\"https:\/\/therapos.de\/\"},{\"@type\":\"ListItem\",\"position\":2,\"name\":\"FAQ\"}]},{\"@type\":\"WebSite\",\"@id\":\"https:\/\/therapos.de\/#website\",\"url\":\"https:\/\/therapos.de\/\",\"name\":\"Therapos\",\"description\":\"Fachkongress f\u00fcr Naturheilkunde\",\"publisher\":{\"@id\":\"https:\/\/therapos.de\/#organization\"},\"potentialAction\":[{\"@type\":\"SearchAction\",\"target\":{\"@type\":\"EntryPoint\",\"urlTemplate\":\"https:\/\/therapos.de\/?s={search_term_string}\"},\"query-input\":{\"@type\":\"PropertyValueSpecification\",\"valueRequired\":true,\"valueName\":\"search_term_string\"}}],\"inLanguage\":\"en-GB\"},{\"@type\":\"Organization\",\"@id\":\"https:\/\/therapos.de\/#organization\",\"name\":\"Therapos\",\"url\":\"https:\/\/therapos.de\/\",\"logo\":{\"@type\":\"ImageObject\",\"inLanguage\":\"en-GB\",\"@id\":\"https:\/\/therapos.de\/#\/schema\/logo\/image\/\",\"url\":\"https:\/\/therapos.de\/wp-content\/uploads\/2023\/11\/therapos-logo_blue.png\",\"contentUrl\":\"https:\/\/therapos.de\/wp-content\/uploads\/2023\/11\/therapos-logo_blue.png\",\"width\":1920,\"height\":494,\"caption\":\"Therapos\"},\"image\":{\"@id\":\"https:\/\/therapos.de\/#\/schema\/logo\/image\/\"}}]}<\/script>\n<!-- \/ Yoast SEO plugin. -->","yoast_head_json":{"title":"FAQ - Therapos","robots":{"index":"index","follow":"follow","max-snippet":"max-snippet:-1","max-image-preview":"max-image-preview:large","max-video-preview":"max-video-preview:-1"},"canonical":"https:\/\/therapos.de\/en\/faq\/","og_locale":"en_GB","og_type":"article","og_title":"FAQ - Therapos","og_description":"H\u00e4ufig gestellte Fragen Therapos \u2013 der Berufskongress mit Fachausstellung, Vortragsprogramm und Berufsforum f\u00fcr Heilpraktiker, \u00c4rzte und Therapeuten Im Fokus der Therapos Veranstaltungen stehen der kollegiale, interdisziplin\u00e4re Austausch und die Vernetzung der vielf\u00e4ltigen Fachrichtungen der Naturheilkunde und komplement\u00e4ren Medizin. Heilpraktiker Kongress Therapos Was ist Therapos f\u00fcr die teilnehmenden Aussteller, Besucher und Fachkreise? Therapos ist ein Kongress-Format [&hellip;]","og_url":"https:\/\/therapos.de\/en\/faq\/","og_site_name":"Therapos","article_modified_time":"2024-05-02T12:13:12+00:00","og_image":[{"url":"https:\/\/therapos.de\/wp-content\/uploads\/2023\/12\/u_erdmann-1024x767.png","type":"","width":"","height":""}],"twitter_card":"summary_large_image","twitter_misc":{"Estimated reading time":"4 minutes"},"schema":{"@context":"https:\/\/schema.org","@graph":[{"@type":"WebPage","@id":"https:\/\/therapos.de\/faq\/","url":"https:\/\/therapos.de\/faq\/","name":"FAQ - Therapos","isPartOf":{"@id":"https:\/\/therapos.de\/#website"},"primaryImageOfPage":{"@id":"https:\/\/therapos.de\/faq\/#primaryimage"},"image":{"@id":"https:\/\/therapos.de\/faq\/#primaryimage"},"thumbnailUrl":"https:\/\/therapos.de\/wp-content\/uploads\/2023\/12\/u_erdmann-1024x767.png","datePublished":"2023-12-20T10:05:02+00:00","dateModified":"2024-05-02T12:13:12+00:00","breadcrumb":{"@id":"https:\/\/therapos.de\/faq\/#breadcrumb"},"inLanguage":"en-GB","potentialAction":[{"@type":"ReadAction","target":["https:\/\/therapos.de\/faq\/"]}]},{"@type":"ImageObject","inLanguage":"en-GB","@id":"https:\/\/therapos.de\/faq\/#primaryimage","url":"https:\/\/therapos.de\/wp-content\/uploads\/2023\/12\/u_erdmann-1024x767.png","contentUrl":"https:\/\/therapos.de\/wp-content\/uploads\/2023\/12\/u_erdmann-1024x767.png"},{"@type":"BreadcrumbList","@id":"https:\/\/therapos.de\/faq\/#breadcrumb","itemListElement":[{"@type":"ListItem","position":1,"name":"Startseite","item":"https:\/\/therapos.de\/"},{"@type":"ListItem","position":2,"name":"FAQ"}]},{"@type":"WebSite","@id":"https:\/\/therapos.de\/#website","url":"https:\/\/therapos.de\/","name":"Therapos","description":"Fachkongress f\u00fcr Naturheilkunde","publisher":{"@id":"https:\/\/therapos.de\/#organization"},"potentialAction":[{"@type":"SearchAction","target":{"@type":"EntryPoint","urlTemplate":"https:\/\/therapos.de\/?s={search_term_string}"},"query-input":{"@type":"PropertyValueSpecification","valueRequired":true,"valueName":"search_term_string"}}],"inLanguage":"en-GB"},{"@type":"Organization","@id":"https:\/\/therapos.de\/#organization","name":"Therapos","url":"https:\/\/therapos.de\/","logo":{"@type":"ImageObject","inLanguage":"en-GB","@id":"https:\/\/therapos.de\/#\/schema\/logo\/image\/","url":"https:\/\/therapos.de\/wp-content\/uploads\/2023\/11\/therapos-logo_blue.png","contentUrl":"https:\/\/therapos.de\/wp-content\/uploads\/2023\/11\/therapos-logo_blue.png","width":1920,"height":494,"caption":"Therapos"},"image":{"@id":"https:\/\/therapos.de\/#\/schema\/logo\/image\/"}}]}},"_links":{"self":[{"href":"https:\/\/therapos.de\/en\/wp-json\/wp\/v2\/pages\/1588","targetHints":{"allow":["GET"]}}],"collection":[{"href":"https:\/\/therapos.de\/en\/wp-json\/wp\/v2\/pages"}],"about":[{"href":"https:\/\/therapos.de\/en\/wp-json\/wp\/v2\/types\/page"}],"author":[{"embeddable":true,"href":"https:\/\/therapos.de\/en\/wp-json\/wp\/v2\/users\/2"}],"replies":[{"embeddable":true,"href":"https:\/\/therapos.de\/en\/wp-json\/wp\/v2\/comments?post=1588"}],"version-history":[{"count":139,"href":"https:\/\/therapos.de\/en\/wp-json\/wp\/v2\/pages\/1588\/revisions"}],"predecessor-version":[{"id":5641,"href":"https:\/\/therapos.de\/en\/wp-json\/wp\/v2\/pages\/1588\/revisions\/5641"}],"wp:attachment":[{"href":"https:\/\/therapos.de\/en\/wp-json\/wp\/v2\/media?parent=1588"}],"curies":[{"name":"wp","href":"https:\/\/api.w.org\/{rel}","templated":true}]}}